{"id":1443,"date":"2021-04-28T09:45:33","date_gmt":"2021-04-28T09:45:33","guid":{"rendered":"https:\/\/glacisbeisl.at\/?page_id=1443"},"modified":"2025-12-14T18:26:33","modified_gmt":"2025-12-14T16:26:33","slug":"kontakt","status":"publish","type":"page","link":"https:\/\/glacisbeisl.at\/en\/kontakt\/","title":{"rendered":"Contact"},"content":{"rendered":"<div data-elementor-type=\"wp-page\" data-elementor-id=\"1443\" class=\"elementor elementor-1443\" data-elementor-settings=\"{&quot;ha_cmc_init_switcher&quot;:&quot;no&quot;}\" data-elementor-post-type=\"page\">\n\t\t\t\t\t\t<section class=\"elementor-section elementor-top-section elementor-element elementor-element-4aaa537 elementor-section-height-min-height elementor-hidden-phone elementor-section-boxed elementor-section-height-default elementor-section-items-middle\" data-id=\"4aaa537\" data-element_type=\"section\" data-e-type=\"section\" data-settings=\"{&quot;background_background&quot;:&quot;classic&quot;,&quot;_ha_eqh_enable&quot;:false}\">\n\t\t\t\t\t\t<div class=\"elementor-container elementor-column-gap-default\">\n\t\t\t\t\t<div class=\"elementor-column elementor-col-50 elementor-top-column elementor-element elementor-element-1ed19a7\" data-id=\"1ed19a7\" data-element_type=\"column\" data-e-type=\"column\" data-settings=\"{&quot;background_background&quot;:&quot;classic&quot;}\">\n\t\t\t<div class=\"elementor-widget-wrap elementor-element-populated\">\n\t\t\t\t\t\t<div class=\"elementor-element elementor-element-174b933 elementor-widget elementor-widget-heading\" data-id=\"174b933\" data-element_type=\"widget\" data-e-type=\"widget\" data-widget_type=\"heading.default\">\n\t\t\t\t<div class=\"elementor-widget-container\">\n\t\t\t\t\t<h1 class=\"elementor-heading-title elementor-size-default\">Contact<\/h1>\t\t\t\t<\/div>\n\t\t\t\t<\/div>\n\t\t\t\t\t<\/div>\n\t\t<\/div>\n\t\t\t\t<div class=\"elementor-column elementor-col-50 elementor-top-column elementor-element elementor-element-d3c2a1e\" data-id=\"d3c2a1e\" data-element_type=\"column\" data-e-type=\"column\">\n\t\t\t<div class=\"elementor-widget-wrap\">\n\t\t\t\t\t\t\t<\/div>\n\t\t<\/div>\n\t\t\t\t\t<\/div>\n\t\t<\/section>\n\t\t\t\t<section class=\"elementor-section elementor-top-section elementor-element elementor-element-61fc5e2 elementor-section-boxed elementor-section-height-default elementor-section-height-default\" data-id=\"61fc5e2\" data-element_type=\"section\" data-e-type=\"section\" data-settings=\"{&quot;_ha_eqh_enable&quot;:false}\">\n\t\t\t\t\t\t<div class=\"elementor-container elementor-column-gap-default\">\n\t\t\t\t\t<div class=\"elementor-column elementor-col-50 elementor-top-column elementor-element elementor-element-31e6699\" data-id=\"31e6699\" data-element_type=\"column\" data-e-type=\"column\">\n\t\t\t<div class=\"elementor-widget-wrap elementor-element-populated\">\n\t\t\t\t\t\t<div class=\"elementor-element elementor-element-c4ede47 elementor-widget elementor-widget-heading\" data-id=\"c4ede47\" data-element_type=\"widget\" data-e-type=\"widget\" data-widget_type=\"heading.default\">\n\t\t\t\t<div class=\"elementor-widget-container\">\n\t\t\t\t\t<h2 class=\"elementor-heading-title elementor-size-default\">Glacis Beisl<\/h2>\t\t\t\t<\/div>\n\t\t\t\t<\/div>\n\t\t\t\t<div class=\"elementor-element elementor-element-5a9f304 elementor-widget elementor-widget-text-editor\" data-id=\"5a9f304\" data-element_type=\"widget\" data-e-type=\"widget\" data-widget_type=\"text-editor.default\">\n\t\t\t\t<div class=\"elementor-widget-container\">\n\t\t\t\t\t\t\t\t\t<p>in the museum quarter<br \/>Access to Breite Gasse 4<br \/>1070 Vienna<\/p><p><strong>Opening hours:<\/strong><br \/>Daily 12 noon to midnight,<br \/>Kitchen 12 p.m. to 10:30 p.m.<br \/>Sonntag K\u00fcche 12 bis 21:30 Uhr<\/p><p>Phone: <a style=\"color: #414141;\" href=\"tel:004315265660\"><strong>+43 1 526 56 60<\/strong><\/a><\/p>\t\t\t\t\t\t\t\t<\/div>\n\t\t\t\t<\/div>\n\t\t\t\t<div class=\"elementor-element elementor-element-c66c397 elementor-widget elementor-widget-text-editor\" data-id=\"c66c397\" data-element_type=\"widget\" data-e-type=\"widget\" data-widget_type=\"text-editor.default\">\n\t\t\t\t<div class=\"elementor-widget-container\">\n\t\t\t\t\t\t\t\t\t<p><strong>If you want to make a reservation - please do so <a style=\"color: #8d120b;\" href=\"https:\/\/glacisbeisl.at\/en\/#reservierungen\">HERE!<\/a><\/strong><\/p>\t\t\t\t\t\t\t\t<\/div>\n\t\t\t\t<\/div>\n\t\t\t\t\t<\/div>\n\t\t<\/div>\n\t\t\t\t<div class=\"elementor-column elementor-col-50 elementor-top-column elementor-element elementor-element-fb8ae51\" data-id=\"fb8ae51\" data-element_type=\"column\" data-e-type=\"column\" data-settings=\"{&quot;background_background&quot;:&quot;classic&quot;}\">\n\t\t\t<div class=\"elementor-widget-wrap elementor-element-populated\">\n\t\t\t\t\t\t<div class=\"elementor-element elementor-element-003aa7b elementor-widget elementor-widget-spacer\" data-id=\"003aa7b\" data-element_type=\"widget\" data-e-type=\"widget\" data-widget_type=\"spacer.default\">\n\t\t\t\t<div class=\"elementor-widget-container\">\n\t\t\t\t\t\t\t<div class=\"elementor-spacer\">\n\t\t\t<div class=\"elementor-spacer-inner\"><\/div>\n\t\t<\/div>\n\t\t\t\t\t\t<\/div>\n\t\t\t\t<\/div>\n\t\t\t\t\t<\/div>\n\t\t<\/div>\n\t\t\t\t\t<\/div>\n\t\t<\/section>\n\t\t\t\t<section class=\"elementor-section elementor-top-section elementor-element elementor-element-c76821b elementor-section-full_width elementor-section-height-default elementor-section-height-default\" data-id=\"c76821b\" data-element_type=\"section\" data-e-type=\"section\" data-settings=\"{&quot;_ha_eqh_enable&quot;:false}\">\n\t\t\t\t\t\t<div class=\"elementor-container elementor-column-gap-default\">\n\t\t\t\t\t<div class=\"elementor-column elementor-col-100 elementor-top-column elementor-element elementor-element-66f89ab\" data-id=\"66f89ab\" data-element_type=\"column\" data-e-type=\"column\">\n\t\t\t<div class=\"elementor-widget-wrap elementor-element-populated\">\n\t\t\t\t\t\t<div class=\"elementor-element elementor-element-833bca6 elementor-widget elementor-widget-google_maps\" data-id=\"833bca6\" data-element_type=\"widget\" data-e-type=\"widget\" data-widget_type=\"google_maps.default\">\n\t\t\t\t<div class=\"elementor-widget-container\">\n\t\t\t\t\t\t\t<div class=\"elementor-custom-embed\">\n\t\t\t<iframe loading=\"lazy\"\n\t\t\t\t\tsrc=\"https:\/\/maps.google.com\/maps?q=Wien%2CGlacis%20Beisl%2C%20%20Breitegasse%204&#038;t=m&#038;z=17&#038;output=embed&#038;iwloc=near\"\n\t\t\t\t\ttitle=\"Vienna, Glacis Beisl, Breitegasse 4\"\n\t\t\t\t\taria-label=\"Vienna, Glacis Beisl, Breitegasse 4\"\n\t\t\t><\/iframe>\n\t\t<\/div>\n\t\t\t\t\t\t<\/div>\n\t\t\t\t<\/div>\n\t\t\t\t\t<\/div>\n\t\t<\/div>\n\t\t\t\t\t<\/div>\n\t\t<\/section>\n\t\t\t\t<section class=\"elementor-section elementor-top-section elementor-element elementor-element-9d893ad elementor-section-boxed elementor-section-height-default elementor-section-height-default\" data-id=\"9d893ad\" data-element_type=\"section\" data-e-type=\"section\" data-settings=\"{&quot;_ha_eqh_enable&quot;:false}\">\n\t\t\t\t\t\t<div class=\"elementor-container elementor-column-gap-default\">\n\t\t\t\t\t<div class=\"elementor-column elementor-col-100 elementor-top-column elementor-element elementor-element-958dbba\" data-id=\"958dbba\" data-element_type=\"column\" data-e-type=\"column\">\n\t\t\t<div class=\"elementor-widget-wrap elementor-element-populated\">\n\t\t\t\t\t\t<div class=\"elementor-element elementor-element-ccdbc4b elementor-widget elementor-widget-heading\" data-id=\"ccdbc4b\" data-element_type=\"widget\" data-e-type=\"widget\" data-widget_type=\"heading.default\">\n\t\t\t\t<div class=\"elementor-widget-container\">\n\t\t\t\t\t<h2 class=\"elementor-heading-title elementor-size-default\">Our partners<\/h2>\t\t\t\t<\/div>\n\t\t\t\t<\/div>\n\t\t\t\t<div class=\"elementor-element elementor-element-4977737 ha-logo-grid--tictactoe ha-logo-grid--col-4 ha-logo-grid--col--tablet2 ha-logo-grid--col--mobile2 elementor-widget elementor-widget-ha-logo-grid happy-addon ha-logo-grid\" data-id=\"4977737\" data-element_type=\"widget\" data-e-type=\"widget\" data-widget_type=\"ha-logo-grid.default\">\n\t\t\t\t<div class=\"elementor-widget-container\">\n\t\t\t\t\t\n        <div class=\"ha-logo-grid-wrapper\">\n                            <a class=\"ha-logo-grid-item ha-logo-grid-link\" href=\"https:\/\/ammersin.at\" target=\"_blank\" rel=\"noopener\">\n                    <figure class=\"ha-logo-grid-figure\">\n                    <img decoding=\"async\" class=\"ha-logo-grid-img elementor-animation-\" src=\"https:\/\/glacisbeisl.at\/wp-content\/uploads\/2021\/04\/ammersin_2.png\" alt=\"Ammersin\">                    <\/figure>\n                <\/a>\n                            <a class=\"ha-logo-grid-item ha-logo-grid-link\" href=\"https:\/\/www.messeritsch.eu\" target=\"_blank\" rel=\"noopener\">\n                    <figure class=\"ha-logo-grid-figure\">\n                    <img decoding=\"async\" class=\"ha-logo-grid-img elementor-animation-\" src=\"https:\/\/glacisbeisl.at\/wp-content\/uploads\/2021\/04\/messeritsch.png\" alt=\"Messeritsch\">                    <\/figure>\n                <\/a>\n                            <a class=\"ha-logo-grid-item ha-logo-grid-link\" href=\"https:\/\/delfabrokolarik.at\" target=\"_blank\" rel=\"noopener\">\n                    <figure class=\"ha-logo-grid-figure\">\n                    <img decoding=\"async\" class=\"ha-logo-grid-img elementor-animation-\" src=\"https:\/\/glacisbeisl.at\/wp-content\/uploads\/2021\/04\/DelFabro.png\" alt=\"Del Fabro Kolarik\">                    <\/figure>\n                <\/a>\n                            <a class=\"ha-logo-grid-item ha-logo-grid-link\" href=\"https:\/\/vinifero.at\" target=\"_blank\" rel=\"noopener\">\n                    <figure class=\"ha-logo-grid-figure\">\n                    <img decoding=\"async\" class=\"ha-logo-grid-img elementor-animation-\" src=\"https:\/\/glacisbeisl.at\/wp-content\/uploads\/2021\/04\/vinifero.png\" alt=\"Vinifero\">                    <\/figure>\n                <\/a>\n                            <a class=\"ha-logo-grid-item ha-logo-grid-link\" href=\"https:\/\/www.weinskandal.at\" target=\"_blank\" rel=\"noopener\">\n                    <figure class=\"ha-logo-grid-figure\">\n                    <img decoding=\"async\" class=\"ha-logo-grid-img elementor-animation-\" src=\"https:\/\/glacisbeisl.at\/wp-content\/uploads\/2021\/04\/weinskandal.png\" alt=\"Weinskandal\">                    <\/figure>\n                <\/a>\n                            <a class=\"ha-logo-grid-item ha-logo-grid-link\" href=\"https:\/\/www.orange-wine.net\/about-us\/\" target=\"_blank\" rel=\"noopener\">\n                    <figure class=\"ha-logo-grid-figure\">\n                    <img decoding=\"async\" class=\"ha-logo-grid-img elementor-animation-\" src=\"https:\/\/glacisbeisl.at\/wp-content\/uploads\/2021\/04\/logo1.png\" alt=\"orange\">                    <\/figure>\n                <\/a>\n                            <a class=\"ha-logo-grid-item ha-logo-grid-link\" href=\"https:\/\/www.wagnerweb.at\" target=\"_blank\" rel=\"noopener\">\n                    <figure class=\"ha-logo-grid-figure\">\n                    <img decoding=\"async\" class=\"ha-logo-grid-img elementor-animation-\" src=\"https:\/\/glacisbeisl.at\/wp-content\/uploads\/2021\/04\/wagner.png\" alt=\"Wagner\">                    <\/figure>\n                <\/a>\n                            <a class=\"ha-logo-grid-item ha-logo-grid-link\" href=\"https:\/\/www.augustiner-braeu.de\/brauerei\/\" target=\"_blank\" rel=\"noopener\">\n                    <figure class=\"ha-logo-grid-figure\">\n                    <img fetchpriority=\"high\" decoding=\"async\" width=\"340\" height=\"170\" src=\"https:\/\/glacisbeisl.at\/wp-content\/uploads\/2025\/04\/Augustiner.jpg\" class=\"ha-logo-grid-img elementor-animation-\" alt=\"\" srcset=\"https:\/\/glacisbeisl.at\/wp-content\/uploads\/2025\/04\/Augustiner.jpg 340w, https:\/\/glacisbeisl.at\/wp-content\/uploads\/2025\/04\/Augustiner-300x150.jpg 300w, https:\/\/glacisbeisl.at\/wp-content\/uploads\/2025\/04\/Augustiner-18x9.jpg 18w\" sizes=\"(max-width: 340px) 100vw, 340px\">                    <\/figure>\n                <\/a>\n                            <a class=\"ha-logo-grid-item ha-logo-grid-link\" href=\"https:\/\/derbelgier.at\" target=\"_blank\" rel=\"noopener\">\n                    <figure class=\"ha-logo-grid-figure\">\n                    <img decoding=\"async\" class=\"ha-logo-grid-img elementor-animation-\" src=\"https:\/\/glacisbeisl.at\/wp-content\/uploads\/2021\/04\/belgier.png\" alt=\"Der Belgier\">                    <\/figure>\n                <\/a>\n                            <a class=\"ha-logo-grid-item ha-logo-grid-link\" href=\"https:\/\/www.6beers.at\/#brewery\" target=\"_blank\" rel=\"noopener\">\n                    <figure class=\"ha-logo-grid-figure\">\n                    <img decoding=\"async\" class=\"ha-logo-grid-img elementor-animation-\" src=\"https:\/\/glacisbeisl.at\/wp-content\/uploads\/2021\/04\/6beers.png\" alt=\"6 Beers\">                    <\/figure>\n                <\/a>\n                            <a class=\"ha-logo-grid-item ha-logo-grid-link\" href=\"https:\/\/www.gutdornau.at\" target=\"_blank\" rel=\"noopener\">\n                    <figure class=\"ha-logo-grid-figure\">\n                    <img decoding=\"async\" class=\"ha-logo-grid-img elementor-animation-\" src=\"https:\/\/glacisbeisl.at\/wp-content\/uploads\/2021\/04\/gutDornau.png\" alt=\"Gut Dornau\">                    <\/figure>\n                <\/a>\n                            <a class=\"ha-logo-grid-item ha-logo-grid-link\" href=\"https:\/\/www.hoellerschmid.at\/\" target=\"_blank\" rel=\"noopener\">\n                    <figure class=\"ha-logo-grid-figure\">\n                    <img decoding=\"async\" width=\"340\" height=\"170\" src=\"https:\/\/glacisbeisl.at\/wp-content\/uploads\/2025\/04\/Hoellerschid.jpg\" class=\"ha-logo-grid-img elementor-animation-\" alt=\"\" srcset=\"https:\/\/glacisbeisl.at\/wp-content\/uploads\/2025\/04\/Hoellerschid.jpg 340w, https:\/\/glacisbeisl.at\/wp-content\/uploads\/2025\/04\/Hoellerschid-300x150.jpg 300w, https:\/\/glacisbeisl.at\/wp-content\/uploads\/2025\/04\/Hoellerschid-18x9.jpg 18w\" sizes=\"(max-width: 340px) 100vw, 340px\">                    <\/figure>\n                <\/a>\n                            <a class=\"ha-logo-grid-item ha-logo-grid-link\" href=\"https:\/\/www.wiesbauer.at\" target=\"_blank\" rel=\"noopener\">\n                    <figure class=\"ha-logo-grid-figure\">\n                    <img decoding=\"async\" class=\"ha-logo-grid-img elementor-animation-\" src=\"https:\/\/glacisbeisl.at\/wp-content\/uploads\/2021\/04\/Wiesbauer.png\" alt=\"Wiesbauer\">                    <\/figure>\n                <\/a>\n                            <a class=\"ha-logo-grid-item ha-logo-grid-link\" href=\"https:\/\/www.joseph.co.at\/de\/\" target=\"_blank\" rel=\"noopener\">\n                    <figure class=\"ha-logo-grid-figure\">\n                    <img decoding=\"async\" class=\"ha-logo-grid-img elementor-animation-\" src=\"https:\/\/glacisbeisl.at\/wp-content\/uploads\/2021\/04\/joseph.png\" alt=\"Joseph\">                    <\/figure>\n                <\/a>\n                            <a class=\"ha-logo-grid-item ha-logo-grid-link\" href=\"https:\/\/oefferl.bio\" target=\"_blank\" rel=\"noopener\">\n                    <figure class=\"ha-logo-grid-figure\">\n                    <img decoding=\"async\" class=\"ha-logo-grid-img elementor-animation-\" src=\"https:\/\/glacisbeisl.at\/wp-content\/uploads\/2021\/04\/oefferl.png\" alt=\"\u00d6fferl\">                    <\/figure>\n                <\/a>\n                            <a class=\"ha-logo-grid-item ha-logo-grid-link\" href=\"https:\/\/felzl.at\/\" target=\"_blank\" rel=\"noopener\">\n                    <figure class=\"ha-logo-grid-figure\">\n                    <img decoding=\"async\" class=\"ha-logo-grid-img elementor-animation-\" src=\"https:\/\/glacisbeisl.at\/wp-content\/uploads\/2021\/04\/felzl.png\" alt=\"Felzl\">                    <\/figure>\n                <\/a>\n                    <\/div>\n\n        \t\t\t\t<\/div>\n\t\t\t\t<\/div>\n\t\t\t\t\t<\/div>\n\t\t<\/div>\n\t\t\t\t\t<\/div>\n\t\t<\/section>\n\t\t\t\t<\/div>","protected":false},"excerpt":{"rendered":"<p>Kontakt Glacis Beisl im MuseumsquartierZugang Breite Gasse 41070 Wien \u00d6ffnungszeiten:T\u00e4glich 12 bis 24 Uhr,K\u00fcche 12 bis 22:30 UhrSonntag K\u00fcche 12 bis 21:30 Uhr Telefon: +43 1 526 56 60 Wenn Sie reservieren m\u00f6chten &#8211; dann tun Sie das bitte HIER! Unsere Partner<\/p>","protected":false},"author":1,"featured_media":0,"parent":0,"menu_order":0,"comment_status":"closed","ping_status":"closed","template":"","meta":{"_acf_changed":false,"footnotes":""},"class_list":["post-1443","page","type-page","status-publish","hentry"],"acf":[],"_links":{"self":[{"href":"https:\/\/glacisbeisl.at\/en\/wp-json\/wp\/v2\/pages\/1443","targetHints":{"allow":["GET"]}}],"collection":[{"href":"https:\/\/glacisbeisl.at\/en\/wp-json\/wp\/v2\/pages"}],"about":[{"href":"https:\/\/glacisbeisl.at\/en\/wp-json\/wp\/v2\/types\/page"}],"author":[{"embeddable":true,"href":"https:\/\/glacisbeisl.at\/en\/wp-json\/wp\/v2\/users\/1"}],"replies":[{"embeddable":true,"href":"https:\/\/glacisbeisl.at\/en\/wp-json\/wp\/v2\/comments?post=1443"}],"version-history":[{"count":111,"href":"https:\/\/glacisbeisl.at\/en\/wp-json\/wp\/v2\/pages\/1443\/revisions"}],"predecessor-version":[{"id":45754,"href":"https:\/\/glacisbeisl.at\/en\/wp-json\/wp\/v2\/pages\/1443\/revisions\/45754"}],"wp:attachment":[{"href":"https:\/\/glacisbeisl.at\/en\/wp-json\/wp\/v2\/media?parent=1443"}],"curies":[{"name":"wp","href":"https:\/\/api.w.org\/{rel}","templated":true}]}}